{"id":1357,"date":"2020-12-09T08:23:45","date_gmt":"2020-12-09T07:23:45","guid":{"rendered":"https:\/\/wordpress.patzleiner.net\/riferimenti\/"},"modified":"2025-11-28T20:34:45","modified_gmt":"2025-11-28T19:34:45","slug":"riferimenti","status":"publish","type":"page","link":"https:\/\/patzleiner.com\/it\/riferimenti\/","title":{"rendered":"Riferimenti"},"content":{"rendered":"<div class=\"wpb-content-wrapper\"><p>[vc_row][vc_column css=&#8221;.vc_custom_1607638209030{margin-bottom: 50px !important;}&#8221;]<div id=\"sc_title_2075942901\"\n\t\tclass=\"sc_title sc_title_default  vc_custom_1676018557797\"><h2 class=\"sc_item_title sc_title_title sc_align_default sc_item_title_style_default\">I nostri riferimenti<\/h2><h6 class=\"sc_item_subtitle sc_title_subtitle sc_align_default sc_item_title_style_default\">___<\/h6><\/div><!-- \/.sc_title -->[vc_column_text css=&#8221;&#8221;]<\/p>\n<div class=\"project-list\" style=\"line-height: 1.6;\">\n<h3>Alberghi e ristorazione<\/h3>\n<p>Hotel Cristallo &#8211; Dobbiaco<br>Hotel Scherer &#8211; Valdaora<br>Albergo Olaga &#8211; Valdaora<br>Hotel Villa Stefania &#8211; San Candido<br>Hotel Leitlhof &#8211; San Candido<br>Albergo Dolomitenhof &#8211; Sesto<br>Albergo Dolomiten &#8211; Monguelfo<br>Albergo Hubertushof &#8211; Dobbiaco<br>Albergo Haunold &#8211; San Candido<br>Albergo Rainer &#8211; Sesto<br>Parkhotel Sole Paradiso &#8211; San Candido<br>Sporthotel Tyrol &#8211; San Candido<br>Theatercaf\u00e8 &#8211; Innichen<br>L\u00e4rchenh\u00fctte &#8211; Sesto<br>Zin Fux &#8211; Sesto<br>Ristorante Atto &#8211; San Candido<br>Wachtler dell&#8217; Wachtler Nicolas &amp; Co KG &#8211; San Candido<br>Latteria Tre Zinnen &#8211; Dobbiaco<br>Impianto di risalita Guggenberg &#8211; Monguelfo-Tesido<br>Ristorante di montagna Mudlerhof &#8211; Rasun-Anterselva<\/p>\n<h3>Appartamenti per vacanze<\/h3>\n<p>Appartamenti Hus &#8211; Valdaora<br>Residenza Villa Drei Birken &#8211; Sesto<br>Garni Kofler &#8211; Sesto<br>Appartamenti Patzleiner Rosmarie &#8211; Winnebach\/Innichen<br>Veiderhof &#8211; San Candido\/Vierschach<br>Appartamento Himmelreichhof &#8211; San Candido<\/p>\n<h3>Attrezzature per negozi e uffici<\/h3>\n<p>Der Feinschmecker &#8211; San Candido<br>Wachtler des Wachtler Nicolas &amp; Co KG &#8211; San Candido<br>Raiffeisenkasse Hochpustertal Gen. &#8211; San Candido<br>Cassa Hochpustertal Gen. &#8211; Sesto<br>Roland Holz &#8211; San Candido<br>Selmani GmbH &#8211; Monguelfo-Tesido<br>Egarter GmbH &#8211; Sesto<br>Oberjakober Dr Ing. Klaus &#8211; Monguelfo-Tesido <\/p>\n<h3>Ospedali<\/h3>\n<p>Ospedale di Brunico &#8211; Atrio d&#8217;ingresso<br>Ospedale di Brunico &#8211; Area di accoglienza dei pazienti<br>Ospedale di Brunico &#8211; Rifacimento dell&#8217;atrio del 5\u00b0 piano<br>Ospedale di Brunico &#8211; Ristrutturazione del sistema di lavaggio delle stoviglie, della cucina centrale e dell&#8217;atrio &#8211; Rivestimento<br>Ospedale di Brunico &#8211; Centro di riabilitazione infantile St. Georgen<br>Ospedale di Brunico &#8211; Bar<br>Ospedale di Brunico &#8211; Arredamento del reparto di oculistica<br>Ospedale di San Candido &#8211; Pediatria\/chirurgia<br>Ospedale di San Candido &#8211; Pareti divisorie COVID<br>Sprengelsitz San Candido &#8211; Mobili su misura<\/p>\n<h3>Case di riposo<\/h3>\n<p>Casa di riposo di Valdaora<br>Casa di riposo Don Bosco &#8211; arredamento cappella<br>S\u00f6llstiftung Brunico &#8211; vecchio municipio, arredamento cucine appartamenti per anziani<br>S\u00f6llstiftung Brunico &#8211; vecchio municipio, arredamento mensa e sala club per anziani con ufficio<\/p>\n<h3>Scuole e asili<\/h3>\n<p>Scuola elementare e biblioteca Alexander Langer &#8211; Bolzano<br>Scuola elementare e biblioteca di Bolzano &#8211; Terento<br>Scuola elementare di Riscone &#8211; Brunico<br>Asilo nido &#8211; Valdaora di sotto<br>Asilo nido &#8211; San Giorgio\/Brunico<br>Asilo nido &#8211; Monguelfo-Tesido<br>Asilo nido &#8211; Cadipietra\/Aurina<\/p>\n<h3>Zone sportive<\/h3>\n<p>Zona sportiva Gries &#8211; Dobbiaco<br>Centro sportivo &#8211; Valdaora di sotto<br>Zona sportiva &#8211; Monguelfo-Tesido<br>Sala bocce &#8211; Brunico<\/p>\n<h3>Piazze pubbliche<\/h3>\n<p>Padiglione\/Parcours &#8211; San Candido<br>Arredo della piazza della chiesa &#8211; San Candido<br>Parco di panchine a padiglione in stile liberty &#8211; Monguelfo-Tesido<\/p>\n<h3>Strutture pubbliche<\/h3>\n<p>Centro di protezione civile &#8211; San Candido<br>Caserma dei vigili del fuoco &#8211; Terento<br>FTI Centrale di teleriscaldamento Dobbiaco-San Candido &#8211; Dobbiaco<\/p>\n<h3>Comuni<\/h3>\n<p>Comune di Sesto<br>Comune di Dobbiaco<br>Comune di San Candido<br>Comune di Monguelfo &#8211; Mobili su misura per sala riunioni<br>Comune di Gais &#8211; Arredamento del centro sociale<br>Comune di San Candido &#8211; Il nostro legno per i bambini<br>Casa associazioni Falzes &#8211; Arredamento<\/p>\n<h3>Altri progetti<\/h3>\n<p>Ristrutturazione della stazione ferroviaria &#8211; Dobbiaco<br>Kohlerhaus &#8211; San Candido<br>K. K. Werk Pl\u00e4tzwiese &#8211; Prags<br>Ristrutturazione della torre dell&#8217;acqua &#8211; Monguelfo-Tesido<br>Casa parrocchiale Vierschach &#8211; finestre<br>Parrocchia di Santa Maddalena &#8211; porta esterna larice sacrestia <\/p>\n<\/div>\n<p>[\/vc_column_text][\/vc_column][\/vc_row][vc_row][vc_column css=&#8221;.vc_custom_1739382428112{margin-bottom: 50px !important;}&#8221;][vc_btn title=&#8221;La nostra galleria&#8221; align=&#8221;center&#8221; i_align=&#8221;right&#8221; i_icon_fontawesome=&#8221;fas fa-angle-double-right&#8221; css_animation=&#8221;fadeInUp&#8221; css=&#8221;&#8221; add_icon=&#8221;true&#8221; link=&#8221;url:https%3A%2F%2Fpatzleiner.com%2Fit%2Fgalleria%2F|title:Galleria|&#8221;][\/vc_column][\/vc_row]<\/p>\n<\/div>","protected":false},"excerpt":{"rendered":"<p>[vc_row][vc_column css=&#8221;.vc_custom_1607638209030{margin-bottom: 50px !important;}&#8221;][vc_column_text css=&#8221;&#8221;] Alberghi e ristorazione Hotel Cristallo &#8211; DobbiacoHotel Scherer &#8211; ValdaoraAlbergo Olaga &#8211; ValdaoraHotel Villa Stefania &#8211; San CandidoHotel Leitlhof &#8211; San CandidoAlbergo Dolomitenhof &#8211; SestoAlbergo Dolomiten &#8211; MonguelfoAlbergo Hubertushof &#8211; DobbiacoAlbergo Haunold &#8211; San CandidoAlbergo Rainer &#8211; SestoParkhotel Sole Paradiso &#8211; San CandidoSporthotel Tyrol &#8211; San CandidoTheatercaf\u00e8 &#8211; InnichenL\u00e4rchenh\u00fctte &#8211; SestoZin Fux &#8211; SestoRistorante Atto&hellip;<\/p>\n","protected":false},"author":990002,"featured_media":0,"parent":0,"menu_order":0,"comment_status":"closed","ping_status":"closed","template":"","meta":{"footnotes":""},"class_list":["post-1357","page","type-page","status-publish","hentry"],"yoast_head":"<!-- This site is optimized with the Yoast SEO Premium plugin v24.4 (Yoast SEO v26.8) - https:\/\/yoast.com\/product\/yoast-seo-premium-wordpress\/ -->\n<title>Riferimenti - Patzleiner Innenausbau SNC<\/title>\n<meta name=\"robots\" content=\"index, follow, max-snippet:-1, max-image-preview:large, max-video-preview:-1\" \/>\n<link rel=\"canonical\" href=\"https:\/\/patzleiner.com\/it\/riferimenti\/\" \/>\n<meta property=\"og:locale\" content=\"it_IT\" \/>\n<meta property=\"og:type\" content=\"article\" \/>\n<meta property=\"og:title\" content=\"Riferimenti\" \/>\n<meta property=\"og:description\" content=\"[vc_row][vc_column css=&#8221;.vc_custom_1607638209030{margin-bottom: 50px !important;}&#8221;][vc_column_text css=&#8221;&#8221;] Alberghi e ristorazione Hotel Cristallo &#8211; DobbiacoHotel Scherer &#8211; ValdaoraAlbergo Olaga &#8211; ValdaoraHotel Villa Stefania &#8211; San CandidoHotel Leitlhof &#8211; San CandidoAlbergo Dolomitenhof &#8211; SestoAlbergo Dolomiten &#8211; MonguelfoAlbergo Hubertushof &#8211; DobbiacoAlbergo Haunold &#8211; San CandidoAlbergo Rainer &#8211; SestoParkhotel Sole Paradiso &#8211; San CandidoSporthotel Tyrol &#8211; San CandidoTheatercaf\u00e8 &#8211; InnichenL\u00e4rchenh\u00fctte &#8211; SestoZin Fux &#8211; SestoRistorante Atto&hellip;\" \/>\n<meta property=\"og:url\" content=\"https:\/\/patzleiner.com\/it\/riferimenti\/\" \/>\n<meta property=\"og:site_name\" content=\"Patzleiner Innenausbau SNC\" \/>\n<meta property=\"article:publisher\" content=\"https:\/\/www.facebook.com\/Patzleiner.Innenausbau.OHG\" \/>\n<meta property=\"article:modified_time\" content=\"2025-11-28T19:34:45+00:00\" \/>\n<meta name=\"twitter:card\" content=\"summary_large_image\" \/>\n<meta name=\"twitter:label1\" content=\"Tempo di lettura stimato\" \/>\n\t<meta name=\"twitter:data1\" content=\"3 minuti\" \/>\n<script type=\"application\/ld+json\" class=\"yoast-schema-graph\">{\"@context\":\"https:\/\/schema.org\",\"@graph\":[{\"@type\":\"WebPage\",\"@id\":\"https:\/\/patzleiner.com\/it\/riferimenti\/\",\"url\":\"https:\/\/patzleiner.com\/it\/riferimenti\/\",\"name\":\"Riferimenti - Patzleiner Innenausbau SNC\",\"isPartOf\":{\"@id\":\"https:\/\/patzleiner.com\/it\/#website\"},\"datePublished\":\"2020-12-09T07:23:45+00:00\",\"dateModified\":\"2025-11-28T19:34:45+00:00\",\"breadcrumb\":{\"@id\":\"https:\/\/patzleiner.com\/it\/riferimenti\/#breadcrumb\"},\"inLanguage\":\"it-IT\",\"potentialAction\":[{\"@type\":\"ReadAction\",\"target\":[\"https:\/\/patzleiner.com\/it\/riferimenti\/\"]}]},{\"@type\":\"BreadcrumbList\",\"@id\":\"https:\/\/patzleiner.com\/it\/riferimenti\/#breadcrumb\",\"itemListElement\":[{\"@type\":\"ListItem\",\"position\":1,\"name\":\"Startseite\",\"item\":\"https:\/\/patzleiner.com\/it\/home\/\"},{\"@type\":\"ListItem\",\"position\":2,\"name\":\"Riferimenti\"}]},{\"@type\":\"WebSite\",\"@id\":\"https:\/\/patzleiner.com\/it\/#website\",\"url\":\"https:\/\/patzleiner.com\/it\/\",\"name\":\"Patzleiner Innenausbau SNC\",\"description\":\"\",\"publisher\":{\"@id\":\"https:\/\/patzleiner.com\/it\/#organization\"},\"potentialAction\":[{\"@type\":\"SearchAction\",\"target\":{\"@type\":\"EntryPoint\",\"urlTemplate\":\"https:\/\/patzleiner.com\/it\/?s={search_term_string}\"},\"query-input\":{\"@type\":\"PropertyValueSpecification\",\"valueRequired\":true,\"valueName\":\"search_term_string\"}}],\"inLanguage\":\"it-IT\"},{\"@type\":\"Organization\",\"@id\":\"https:\/\/patzleiner.com\/it\/#organization\",\"name\":\"Patzleiner Innenausbau SNC\",\"url\":\"https:\/\/patzleiner.com\/it\/\",\"logo\":{\"@type\":\"ImageObject\",\"inLanguage\":\"it-IT\",\"@id\":\"https:\/\/patzleiner.com\/it\/#\/schema\/logo\/image\/\",\"url\":\"https:\/\/patzleiner.com\/wp-content\/uploads\/2020\/12\/Logo-quadratisch.png\",\"contentUrl\":\"https:\/\/patzleiner.com\/wp-content\/uploads\/2020\/12\/Logo-quadratisch.png\",\"width\":3505,\"height\":1099,\"caption\":\"Patzleiner Innenausbau SNC\"},\"image\":{\"@id\":\"https:\/\/patzleiner.com\/it\/#\/schema\/logo\/image\/\"},\"sameAs\":[\"https:\/\/www.facebook.com\/Patzleiner.Innenausbau.OHG\"]}]}<\/script>\n<!-- \/ Yoast SEO Premium plugin. -->","yoast_head_json":{"title":"Riferimenti - Patzleiner Innenausbau SNC","robots":{"index":"index","follow":"follow","max-snippet":"max-snippet:-1","max-image-preview":"max-image-preview:large","max-video-preview":"max-video-preview:-1"},"canonical":"https:\/\/patzleiner.com\/it\/riferimenti\/","og_locale":"it_IT","og_type":"article","og_title":"Riferimenti","og_description":"[vc_row][vc_column css=&#8221;.vc_custom_1607638209030{margin-bottom: 50px !important;}&#8221;][vc_column_text css=&#8221;&#8221;] Alberghi e ristorazione Hotel Cristallo &#8211; DobbiacoHotel Scherer &#8211; ValdaoraAlbergo Olaga &#8211; ValdaoraHotel Villa Stefania &#8211; San CandidoHotel Leitlhof &#8211; San CandidoAlbergo Dolomitenhof &#8211; SestoAlbergo Dolomiten &#8211; MonguelfoAlbergo Hubertushof &#8211; DobbiacoAlbergo Haunold &#8211; San CandidoAlbergo Rainer &#8211; SestoParkhotel Sole Paradiso &#8211; San CandidoSporthotel Tyrol &#8211; San CandidoTheatercaf\u00e8 &#8211; InnichenL\u00e4rchenh\u00fctte &#8211; SestoZin Fux &#8211; SestoRistorante Atto&hellip;","og_url":"https:\/\/patzleiner.com\/it\/riferimenti\/","og_site_name":"Patzleiner Innenausbau SNC","article_publisher":"https:\/\/www.facebook.com\/Patzleiner.Innenausbau.OHG","article_modified_time":"2025-11-28T19:34:45+00:00","twitter_card":"summary_large_image","twitter_misc":{"Tempo di lettura stimato":"3 minuti"},"schema":{"@context":"https:\/\/schema.org","@graph":[{"@type":"WebPage","@id":"https:\/\/patzleiner.com\/it\/riferimenti\/","url":"https:\/\/patzleiner.com\/it\/riferimenti\/","name":"Riferimenti - Patzleiner Innenausbau SNC","isPartOf":{"@id":"https:\/\/patzleiner.com\/it\/#website"},"datePublished":"2020-12-09T07:23:45+00:00","dateModified":"2025-11-28T19:34:45+00:00","breadcrumb":{"@id":"https:\/\/patzleiner.com\/it\/riferimenti\/#breadcrumb"},"inLanguage":"it-IT","potentialAction":[{"@type":"ReadAction","target":["https:\/\/patzleiner.com\/it\/riferimenti\/"]}]},{"@type":"BreadcrumbList","@id":"https:\/\/patzleiner.com\/it\/riferimenti\/#breadcrumb","itemListElement":[{"@type":"ListItem","position":1,"name":"Startseite","item":"https:\/\/patzleiner.com\/it\/home\/"},{"@type":"ListItem","position":2,"name":"Riferimenti"}]},{"@type":"WebSite","@id":"https:\/\/patzleiner.com\/it\/#website","url":"https:\/\/patzleiner.com\/it\/","name":"Patzleiner Innenausbau SNC","description":"","publisher":{"@id":"https:\/\/patzleiner.com\/it\/#organization"},"potentialAction":[{"@type":"SearchAction","target":{"@type":"EntryPoint","urlTemplate":"https:\/\/patzleiner.com\/it\/?s={search_term_string}"},"query-input":{"@type":"PropertyValueSpecification","valueRequired":true,"valueName":"search_term_string"}}],"inLanguage":"it-IT"},{"@type":"Organization","@id":"https:\/\/patzleiner.com\/it\/#organization","name":"Patzleiner Innenausbau SNC","url":"https:\/\/patzleiner.com\/it\/","logo":{"@type":"ImageObject","inLanguage":"it-IT","@id":"https:\/\/patzleiner.com\/it\/#\/schema\/logo\/image\/","url":"https:\/\/patzleiner.com\/wp-content\/uploads\/2020\/12\/Logo-quadratisch.png","contentUrl":"https:\/\/patzleiner.com\/wp-content\/uploads\/2020\/12\/Logo-quadratisch.png","width":3505,"height":1099,"caption":"Patzleiner Innenausbau SNC"},"image":{"@id":"https:\/\/patzleiner.com\/it\/#\/schema\/logo\/image\/"},"sameAs":["https:\/\/www.facebook.com\/Patzleiner.Innenausbau.OHG"]}]}},"_links":{"self":[{"href":"https:\/\/patzleiner.com\/it\/wp-json\/wp\/v2\/pages\/1357","targetHints":{"allow":["GET"]}}],"collection":[{"href":"https:\/\/patzleiner.com\/it\/wp-json\/wp\/v2\/pages"}],"about":[{"href":"https:\/\/patzleiner.com\/it\/wp-json\/wp\/v2\/types\/page"}],"author":[{"embeddable":true,"href":"https:\/\/patzleiner.com\/it\/wp-json\/wp\/v2\/users\/990002"}],"replies":[{"embeddable":true,"href":"https:\/\/patzleiner.com\/it\/wp-json\/wp\/v2\/comments?post=1357"}],"version-history":[{"count":0,"href":"https:\/\/patzleiner.com\/it\/wp-json\/wp\/v2\/pages\/1357\/revisions"}],"wp:attachment":[{"href":"https:\/\/patzleiner.com\/it\/wp-json\/wp\/v2\/media?parent=1357"}],"curies":[{"name":"wp","href":"https:\/\/api.w.org\/{rel}","templated":true}]}}